{"id":485595,"date":"2020-11-30T15:16:06","date_gmt":"2020-11-30T14:41:06","guid":{"rendered":"https:\/\/www.cdpsa.eu\/?post_type=product&#038;p=485595"},"modified":"2022-01-31T13:10:04","modified_gmt":"2022-01-31T12:10:04","slug":"genedia-w-covid-19-ag-nasopharyngeal-and-sputum-pack-20-antigen-tests","status":"publish","type":"product","link":"https:\/\/www.cdpsa.eu\/en\/product\/genedia-w-covid-19-ag-nasopharyngeal-and-sputum-pack-20-antigen-tests\/","title":{"rendered":"GENEDIA W COVID-19 Ag Nasopharyngeal and sputum &#8211; Pack 20 Antigen Tests"},"content":{"rendered":"<p><strong>Test de ant\u00edgeno GENEDIA W COVID-19 Ag Nasopharyngeal and sputum &#8211; Pack 20<\/strong><\/p>\n<p>The SarS-CoV-2 GENEDIA W COVID-19 Ag is a colorimetric lateral flow immunochromatographic assay. The test contains antibodies specific to the SARS-CoV-2 antigen on the test line (T). If the SARS-CoV-2 antigen is present in the biological sample, a visible black band appears on the test line (T) as a result of the formation of the antigen-antibody complex. The control line (C) is used for procedure control and should always appear if the test is correctly performed.<\/p>\n<p>Its use is intended for the qualitative detection of the SARS-CoV-2 antigen from a sample, taken with a swab of <strong>nasopharyngeal exudate or sputum \/ saliva<\/strong>\u00a0with rapid results in 10 minutes and with high levels of sensitivity and specificity.<\/p>\n<p>The state-of-the-art tests from the <strong><em>prestigious Korean manufacturer Genedia W COVID-19 Ag<\/em><\/strong> allow the collection of the sample by both methods while maintaining high levels of sensitivity in both cases. This makes the task easier especially when it is executed in pediatric, geriatric, psychiatric or other similar centers that require a less invasive application.<\/p>\n<p>This new <strong>GENEDIA W COVID-19 Ag test<\/strong> is one of the most advanced in the market. It offers the highest sensitivity levels and at the moment is one of the few approved for dual testing methods &#8211; both nasopharyngeal and <strong>saliva<\/strong>.<\/p>\n<p><strong><a href=\"https:\/\/www.cdpsa.eu\/en\/?attachment_id=485581\" rel=\"attachment wp-att-485581\"><img decoding=\"async\" class=\"aligncenter wp-image-485582 size-full\" src=\"https:\/\/www.cdpsa.eu\/cont2\/wp-content\/uploads\/2020\/11\/Test-de-antigeno-GENEDIA-W-COVID-19-Ag-Pack-20_1.jpg\" alt=\"Test de ant\u00edgeno GENEDIA W COVID-19 Ag - Pack 20\" width=\"918\" height=\"359\" srcset=\"https:\/\/www.cdpsa.eu\/cont2\/wp-content\/uploads\/2020\/11\/Test-de-antigeno-GENEDIA-W-COVID-19-Ag-Pack-20_1.jpg 918w, https:\/\/www.cdpsa.eu\/cont2\/wp-content\/uploads\/2020\/11\/Test-de-antigeno-GENEDIA-W-COVID-19-Ag-Pack-20_1-300x117.jpg 300w, https:\/\/www.cdpsa.eu\/cont2\/wp-content\/uploads\/2020\/11\/Test-de-antigeno-GENEDIA-W-COVID-19-Ag-Pack-20_1-768x300.jpg 768w, https:\/\/www.cdpsa.eu\/cont2\/wp-content\/uploads\/2020\/11\/Test-de-antigeno-GENEDIA-W-COVID-19-Ag-Pack-20_1-416x163.jpg 416w, https:\/\/www.cdpsa.eu\/cont2\/wp-content\/uploads\/2020\/11\/Test-de-antigeno-GENEDIA-W-COVID-19-Ag-Pack-20_1-153x60.jpg 153w, https:\/\/www.cdpsa.eu\/cont2\/wp-content\/uploads\/2020\/11\/Test-de-antigeno-GENEDIA-W-COVID-19-Ag-Pack-20_1-230x90.jpg 230w\" sizes=\"(max-width: 918px) 100vw, 918px\" \/><\/a><\/strong><\/p>\n<p>La prueba r\u00e1pida de ant\u00edgeno GENEDIA W COVID-19 Ag ofrece una soluci\u00f3n r\u00e1pida y fiable para la detecci\u00f3n del de ant\u00edgeno de SARS-CoV-2\u00a0 en aplicaciones remotas y sin necesidad de instrumental de laboratorio a un coste muy eficiente.<\/p>\n<p>&nbsp;<\/p>\n<h4><strong>Use method:<\/strong><strong><a href=\"https:\/\/www.cdpsa.eu\/en\/?attachment_id=485602\" rel=\"attachment wp-att-485585\"><img decoding=\"async\" class=\"alignnone wp-image-485602 size-full\" src=\"https:\/\/www.cdpsa.eu\/cont2\/wp-content\/uploads\/2020\/11\/Test-de-antigeno-GENEDIA-W-COVID-19-Ag-Pack-20_2_En-1.jpg\" alt=\"Test de ant\u00edgeno GENEDIA W COVID-19 Ag - Pack 20_2\" width=\"1020\" height=\"720\" srcset=\"https:\/\/www.cdpsa.eu\/cont2\/wp-content\/uploads\/2020\/11\/Test-de-antigeno-GENEDIA-W-COVID-19-Ag-Pack-20_2_En-1.jpg 1020w, https:\/\/www.cdpsa.eu\/cont2\/wp-content\/uploads\/2020\/11\/Test-de-antigeno-GENEDIA-W-COVID-19-Ag-Pack-20_2_En-1-300x212.jpg 300w, https:\/\/www.cdpsa.eu\/cont2\/wp-content\/uploads\/2020\/11\/Test-de-antigeno-GENEDIA-W-COVID-19-Ag-Pack-20_2_En-1-768x542.jpg 768w, https:\/\/www.cdpsa.eu\/cont2\/wp-content\/uploads\/2020\/11\/Test-de-antigeno-GENEDIA-W-COVID-19-Ag-Pack-20_2_En-1-416x294.jpg 416w, https:\/\/www.cdpsa.eu\/cont2\/wp-content\/uploads\/2020\/11\/Test-de-antigeno-GENEDIA-W-COVID-19-Ag-Pack-20_2_En-1-85x60.jpg 85w, https:\/\/www.cdpsa.eu\/cont2\/wp-content\/uploads\/2020\/11\/Test-de-antigeno-GENEDIA-W-COVID-19-Ag-Pack-20_2_En-1-128x90.jpg 128w\" sizes=\"(max-width: 1020px) 100vw, 1020px\" \/><\/a><\/strong><\/h4>\n<h4><\/h4>\n<h4><strong>Kit components:<\/strong><\/h4>\n<p><a href=\"https:\/\/www.cdpsa.eu\/en\/?attachment_id=485583\" rel=\"attachment wp-att-485583\"><img decoding=\"async\" class=\"size-full wp-image-485584 aligncenter\" src=\"https:\/\/www.cdpsa.eu\/cont2\/wp-content\/uploads\/2020\/11\/Test-de-antigeno-GENEDIA-W-COVID-19-Ag-Pack-20_4.jpg\" alt=\"Test de ant\u00edgeno GENEDIA W COVID-19 Ag - Pack 20\" width=\"409\" height=\"369\" srcset=\"https:\/\/www.cdpsa.eu\/cont2\/wp-content\/uploads\/2020\/11\/Test-de-antigeno-GENEDIA-W-COVID-19-Ag-Pack-20_4.jpg 409w, https:\/\/www.cdpsa.eu\/cont2\/wp-content\/uploads\/2020\/11\/Test-de-antigeno-GENEDIA-W-COVID-19-Ag-Pack-20_4-300x271.jpg 300w, https:\/\/www.cdpsa.eu\/cont2\/wp-content\/uploads\/2020\/11\/Test-de-antigeno-GENEDIA-W-COVID-19-Ag-Pack-20_4-67x60.jpg 67w, https:\/\/www.cdpsa.eu\/cont2\/wp-content\/uploads\/2020\/11\/Test-de-antigeno-GENEDIA-W-COVID-19-Ag-Pack-20_4-100x90.jpg 100w\" sizes=\"(max-width: 409px) 100vw, 409px\" \/><\/a> <a href=\"https:\/\/www.cdpsa.eu\/en\/?attachment_id=485587\" rel=\"attachment wp-att-485587\"><img decoding=\"async\" class=\"size-full wp-image-485588 aligncenter\" src=\"https:\/\/www.cdpsa.eu\/cont2\/wp-content\/uploads\/2020\/11\/Test-de-antigeno-GENEDIA-W-COVID-19-Ag-Pack-20_3.jpg\" alt=\"Test de ant\u00edgeno GENEDIA W COVID-19 Ag - Pack 20\" width=\"664\" height=\"178\" srcset=\"https:\/\/www.cdpsa.eu\/cont2\/wp-content\/uploads\/2020\/11\/Test-de-antigeno-GENEDIA-W-COVID-19-Ag-Pack-20_3.jpg 664w, https:\/\/www.cdpsa.eu\/cont2\/wp-content\/uploads\/2020\/11\/Test-de-antigeno-GENEDIA-W-COVID-19-Ag-Pack-20_3-300x80.jpg 300w, https:\/\/www.cdpsa.eu\/cont2\/wp-content\/uploads\/2020\/11\/Test-de-antigeno-GENEDIA-W-COVID-19-Ag-Pack-20_3-416x112.jpg 416w, https:\/\/www.cdpsa.eu\/cont2\/wp-content\/uploads\/2020\/11\/Test-de-antigeno-GENEDIA-W-COVID-19-Ag-Pack-20_3-190x51.jpg 190w, https:\/\/www.cdpsa.eu\/cont2\/wp-content\/uploads\/2020\/11\/Test-de-antigeno-GENEDIA-W-COVID-19-Ag-Pack-20_3-336x90.jpg 336w\" sizes=\"(max-width: 664px) 100vw, 664px\" \/><\/a><\/p>\n","protected":false},"excerpt":{"rendered":"<p><strong>EC Marked<\/strong><\/p>\n<ul>\n<li><span style=\"color: #ff6600;\"><strong>For use by healthcare professionals<\/strong><\/span><\/li>\n<li><span style=\"color: #ff6600;\"><a style=\"color: #ff6600;\" href=\"https:\/\/www.cdpsa.eu\/en\/contact\/\"><strong>Consult availability for HEALTH CENTERS <\/strong><\/a><a style=\"color: #ff6600;\" href=\"https:\/\/www.cdpsa.eu\/contacto\/\"><strong>in <\/strong><\/a><a style=\"color: #ff6600;\" href=\"https:\/\/www.cdpsa.eu\/contacto\/\"><strong>Spain<\/strong><\/a><\/span><\/li>\n<li><span style=\"color: #ff6600;\"><a style=\"color: #ff6600;\" href=\"https:\/\/www.cdpsa.eu\/en\/contact\/\"><strong>Consult availability for COMPANIES <\/strong><\/a><a style=\"color: #ff6600;\" href=\"https:\/\/www.cdpsa.eu\/contacto\/\"><strong>in <\/strong><\/a><a style=\"color: #ff6600;\" href=\"https:\/\/www.cdpsa.eu\/contacto\/\"><strong>Spain<\/strong><\/a><\/span><\/li>\n<li><span style=\"color: #ff6600;\"><a style=\"color: #ff6600;\" href=\"https:\/\/www.cdpsa.eu\/en\/contact\/\"><strong>Consult availability for INTERNATIONAL CUSTOMERS (EXPORT)<\/strong><\/a><\/span><\/li>\n<\/ul>\n<p>The SARS-CoV-2<strong> GENEDIA W COVID-19 Ag<\/strong> rapid antigen test is an inmuno-rapid chromatographic assay for the qualitative detection of specific COVID-19 antigens by both nasopharyngeal and <strong>saliva<\/strong> sample<strong>.<\/strong> This test is for in vitro professional use and diagnosis and serves as an aid for the early detection of COVID-19 infection in patients with clinical symptoms of COVID-19 infection.<\/p>\n<p>Its use is intended for the qualitative detection of the SARS-CoV-2 antigen from a sample, taken with a swab of <strong>nasopharyngeal exudate or sputum \/ saliva<\/strong>\u00a0with rapid results in 10 minutes and with high levels of sensitivity and specificity.<\/p>\n<p>Verified and recommended by the European Union:<\/p>\n<p>&nbsp;<\/p>\n<p><a href=\"https:\/\/covid-19-diagnostics.jrc.ec.europa.eu\/devices\/detail\/1144\" target=\"_blank\" rel=\"attachment noopener wp-att-486342\"><img decoding=\"async\" class=\"alignnone wp-image-486342 size-full\" src=\"https:\/\/www.cdpsa.eu\/cont2\/wp-content\/uploads\/2020\/11\/Test-de-antigeno-GENEDIA-W-COVID-19-Ag-Pack-20.png\" alt=\"\" width=\"398\" height=\"219\" srcset=\"https:\/\/www.cdpsa.eu\/cont2\/wp-content\/uploads\/2020\/11\/Test-de-antigeno-GENEDIA-W-COVID-19-Ag-Pack-20.png 398w, https:\/\/www.cdpsa.eu\/cont2\/wp-content\/uploads\/2020\/11\/Test-de-antigeno-GENEDIA-W-COVID-19-Ag-Pack-20-300x165.png 300w, https:\/\/www.cdpsa.eu\/cont2\/wp-content\/uploads\/2020\/11\/Test-de-antigeno-GENEDIA-W-COVID-19-Ag-Pack-20-109x60.png 109w, https:\/\/www.cdpsa.eu\/cont2\/wp-content\/uploads\/2020\/11\/Test-de-antigeno-GENEDIA-W-COVID-19-Ag-Pack-20-164x90.png 164w\" sizes=\"(max-width: 398px) 100vw, 398px\" \/><\/a><\/p>\n<p><span style=\"color: #ff0000;\">GENEDIA W ant\u00edgenos:<\/span><br \/>\n<a href=\"https:\/\/covid-19-diagnostics.jrc.ec.europa.eu\/devices\/detail\/1144\" target=\"_blank\" rel=\"noopener\"><strong>https:\/\/covid-19-diagnostics.jrc.ec.europa.eu\/devices\/detail\/1144<\/strong><\/a><\/p>\n<p><a href=\"https:\/\/www.cdpsa.eu\/documentos\/Test%20rapidos%20de%20enfermedades%20infecciosas\/GCMS_GENEDIA_W_COVID-19_Ag_Brochure.pdf\" target=\"_blank\" rel=\"noopener\"><strong><span class=\"VIiyi\" lang=\"en\" style=\"color: #ff0000;\"><span class=\"JLqJ4b ChMk0b\" data-language-for-alternatives=\"en\" data-language-to-translate-into=\"es\" data-phrase-index=\"0\">Manufacturer&#8217;s catalog sheet<\/span><\/span><\/strong><\/a><\/p>\n<p><span style=\"color: #ff0000;\"><a style=\"color: #ff0000;\" href=\"https:\/\/www.cdpsa.eu\/documentos\/Test%20de%20drogas\/35_GCMS_Letter_of_confirmation_(Omicron)_29NOV2021.pdf\" target=\"_blank\" rel=\"noopener\"><u>View technical report on the detection efficiency of new variants, including Omicron<\/u><\/a><\/span><\/p>\n","protected":false},"author":1,"featured_media":485599,"template":"","meta":{"_acf_changed":false,"advgb_blocks_editor_width":"","advgb_blocks_columns_visual_guide":""},"product_brand":[],"product_cat":[6564],"product_tag":[],"class_list":{"0":"post-485595","1":"product","2":"type-product","3":"status-publish","4":"has-post-thumbnail","6":"product_cat-rapid-infectious-disease-test","8":"first","9":"instock","10":"taxable","11":"shipping-taxable","12":"product-type-simple"},"acf":[],"yoast_head":"<!-- This site is optimized with the Yoast SEO plugin v27.5 - https:\/\/yoast.com\/product\/yoast-seo-wordpress\/ -->\n<title>GENEDIA W COVID-19 Ag Nasopharyngeal and sputum - Pack 20 Antigen Tests<\/title>\n<meta name=\"description\" content=\"Test de ant\u00edgeno GENEDIA W - C.D. Products S.A. - CDP.Detection COVID-19 antigens nasopharyngeal or saliva sample\" \/>\n<meta name=\"robots\" content=\"index, follow, max-snippet:-1, max-image-preview:large, max-video-preview:-1\" \/>\n<link rel=\"canonical\" href=\"https:\/\/www.cdpsa.eu\/en\/product\/genedia-w-covid-19-ag-nasopharyngeal-and-sputum-pack-20-antigen-tests\/\" \/>\n<meta property=\"og:locale\" content=\"en_US\" \/>\n<meta property=\"og:type\" content=\"article\" \/>\n<meta property=\"og:title\" content=\"GENEDIA W COVID-19 Ag Nasopharyngeal and sputum - Pack 20 Antigen Tests\" \/>\n<meta property=\"og:description\" content=\"Test de ant\u00edgeno GENEDIA W - C.D. Products S.A. - CDP.Detection COVID-19 antigens nasopharyngeal or saliva sample\" \/>\n<meta property=\"og:url\" content=\"https:\/\/www.cdpsa.eu\/en\/product\/genedia-w-covid-19-ag-nasopharyngeal-and-sputum-pack-20-antigen-tests\/\" \/>\n<meta property=\"og:site_name\" content=\"C.D. Products S.A. - CDP\" \/>\n<meta property=\"article:publisher\" content=\"https:\/\/www.facebook.com\/CDPeu\" \/>\n<meta property=\"article:modified_time\" content=\"2022-01-31T12:10:04+00:00\" \/>\n<meta property=\"og:image\" content=\"https:\/\/www.cdpsa.eu\/cont2\/wp-content\/uploads\/2020\/11\/Test-de-antigeno-GENEDIA-W-COVID-19-Ag-Pack-20_B-1.jpg\" \/>\n\t<meta property=\"og:image:width\" content=\"720\" \/>\n\t<meta property=\"og:image:height\" content=\"720\" \/>\n\t<meta property=\"og:image:type\" content=\"image\/jpeg\" \/>\n<meta name=\"twitter:card\" content=\"summary_large_image\" \/>\n<meta name=\"twitter:site\" content=\"@cdp_eu\" \/>\n<meta name=\"twitter:label1\" content=\"Est. reading time\" \/>\n\t<meta name=\"twitter:data1\" content=\"2 minutes\" \/>\n<script type=\"application\/ld+json\" class=\"yoast-schema-graph\">{\"@context\":\"https:\\\/\\\/schema.org\",\"@graph\":[{\"@type\":\"WebPage\",\"@id\":\"https:\\\/\\\/www.cdpsa.eu\\\/en\\\/product\\\/genedia-w-covid-19-ag-nasopharyngeal-and-sputum-pack-20-antigen-tests\\\/\",\"url\":\"https:\\\/\\\/www.cdpsa.eu\\\/en\\\/product\\\/genedia-w-covid-19-ag-nasopharyngeal-and-sputum-pack-20-antigen-tests\\\/\",\"name\":\"GENEDIA W COVID-19 Ag Nasopharyngeal and sputum - Pack 20 Antigen Tests\",\"isPartOf\":{\"@id\":\"https:\\\/\\\/www.cdpsa.eu\\\/en\\\/#website\"},\"primaryImageOfPage\":{\"@id\":\"https:\\\/\\\/www.cdpsa.eu\\\/en\\\/product\\\/genedia-w-covid-19-ag-nasopharyngeal-and-sputum-pack-20-antigen-tests\\\/#primaryimage\"},\"image\":{\"@id\":\"https:\\\/\\\/www.cdpsa.eu\\\/en\\\/product\\\/genedia-w-covid-19-ag-nasopharyngeal-and-sputum-pack-20-antigen-tests\\\/#primaryimage\"},\"thumbnailUrl\":\"https:\\\/\\\/www.cdpsa.eu\\\/cont2\\\/wp-content\\\/uploads\\\/2020\\\/11\\\/Test-de-antigeno-GENEDIA-W-COVID-19-Ag-Pack-20_B-1.jpg\",\"datePublished\":\"2020-11-30T14:41:06+00:00\",\"dateModified\":\"2022-01-31T12:10:04+00:00\",\"description\":\"Test de ant\u00edgeno GENEDIA W - C.D. Products S.A. - CDP.Detection COVID-19 antigens nasopharyngeal or saliva sample\",\"breadcrumb\":{\"@id\":\"https:\\\/\\\/www.cdpsa.eu\\\/en\\\/product\\\/genedia-w-covid-19-ag-nasopharyngeal-and-sputum-pack-20-antigen-tests\\\/#breadcrumb\"},\"inLanguage\":\"en-US\",\"potentialAction\":[{\"@type\":\"ReadAction\",\"target\":[\"https:\\\/\\\/www.cdpsa.eu\\\/en\\\/product\\\/genedia-w-covid-19-ag-nasopharyngeal-and-sputum-pack-20-antigen-tests\\\/\"]}]},{\"@type\":\"ImageObject\",\"inLanguage\":\"en-US\",\"@id\":\"https:\\\/\\\/www.cdpsa.eu\\\/en\\\/product\\\/genedia-w-covid-19-ag-nasopharyngeal-and-sputum-pack-20-antigen-tests\\\/#primaryimage\",\"url\":\"https:\\\/\\\/www.cdpsa.eu\\\/cont2\\\/wp-content\\\/uploads\\\/2020\\\/11\\\/Test-de-antigeno-GENEDIA-W-COVID-19-Ag-Pack-20_B-1.jpg\",\"contentUrl\":\"https:\\\/\\\/www.cdpsa.eu\\\/cont2\\\/wp-content\\\/uploads\\\/2020\\\/11\\\/Test-de-antigeno-GENEDIA-W-COVID-19-Ag-Pack-20_B-1.jpg\",\"width\":720,\"height\":720,\"caption\":\"Test de ant\u00edgeno GENEDIA W COVID-19 Ag - Pack 20\"},{\"@type\":\"BreadcrumbList\",\"@id\":\"https:\\\/\\\/www.cdpsa.eu\\\/en\\\/product\\\/genedia-w-covid-19-ag-nasopharyngeal-and-sputum-pack-20-antigen-tests\\\/#breadcrumb\",\"itemListElement\":[{\"@type\":\"ListItem\",\"position\":1,\"name\":\"Portada\",\"item\":\"https:\\\/\\\/www.cdpsa.eu\\\/en\\\/\"},{\"@type\":\"ListItem\",\"position\":2,\"name\":\"Shop\",\"item\":\"https:\\\/\\\/www.cdpsa.eu\\\/en\\\/shop\\\/\"},{\"@type\":\"ListItem\",\"position\":3,\"name\":\"GENEDIA W COVID-19 Ag Nasopharyngeal and sputum &#8211; Pack 20 Antigen Tests\"}]},{\"@type\":\"WebSite\",\"@id\":\"https:\\\/\\\/www.cdpsa.eu\\\/en\\\/#website\",\"url\":\"https:\\\/\\\/www.cdpsa.eu\\\/en\\\/\",\"name\":\"C.D. Products S.A. - CDP\",\"description\":\"We are leaders in the development of advanced electronic products and consumer software\",\"publisher\":{\"@id\":\"https:\\\/\\\/www.cdpsa.eu\\\/en\\\/#organization\"},\"potentialAction\":[{\"@type\":\"SearchAction\",\"target\":{\"@type\":\"EntryPoint\",\"urlTemplate\":\"https:\\\/\\\/www.cdpsa.eu\\\/en\\\/?s={search_term_string}\"},\"query-input\":{\"@type\":\"PropertyValueSpecification\",\"valueRequired\":true,\"valueName\":\"search_term_string\"}}],\"inLanguage\":\"en-US\"},{\"@type\":\"Organization\",\"@id\":\"https:\\\/\\\/www.cdpsa.eu\\\/en\\\/#organization\",\"name\":\"C.D.Products S.A.\",\"url\":\"https:\\\/\\\/www.cdpsa.eu\\\/en\\\/\",\"logo\":{\"@type\":\"ImageObject\",\"inLanguage\":\"en-US\",\"@id\":\"https:\\\/\\\/www.cdpsa.eu\\\/en\\\/#\\\/schema\\\/logo\\\/image\\\/\",\"url\":\"https:\\\/\\\/www.cdpsa.eu\\\/cont2\\\/wp-content\\\/uploads\\\/2018\\\/05\\\/LOGO-CDP-OK.png\",\"contentUrl\":\"https:\\\/\\\/www.cdpsa.eu\\\/cont2\\\/wp-content\\\/uploads\\\/2018\\\/05\\\/LOGO-CDP-OK.png\",\"width\":185,\"height\":47,\"caption\":\"C.D.Products S.A.\"},\"image\":{\"@id\":\"https:\\\/\\\/www.cdpsa.eu\\\/en\\\/#\\\/schema\\\/logo\\\/image\\\/\"},\"sameAs\":[\"https:\\\/\\\/www.facebook.com\\\/CDPeu\",\"https:\\\/\\\/x.com\\\/cdp_eu\",\"https:\\\/\\\/www.youtube.com\\\/user\\\/cdpsaes\\\/videos\"]}]}<\/script>\n<!-- \/ Yoast SEO plugin. -->","yoast_head_json":{"title":"GENEDIA W COVID-19 Ag Nasopharyngeal and sputum - Pack 20 Antigen Tests","description":"Test de ant\u00edgeno GENEDIA W - C.D. Products S.A. - CDP.Detection COVID-19 antigens nasopharyngeal or saliva sample","robots":{"index":"index","follow":"follow","max-snippet":"max-snippet:-1","max-image-preview":"max-image-preview:large","max-video-preview":"max-video-preview:-1"},"canonical":"https:\/\/www.cdpsa.eu\/en\/product\/genedia-w-covid-19-ag-nasopharyngeal-and-sputum-pack-20-antigen-tests\/","og_locale":"en_US","og_type":"article","og_title":"GENEDIA W COVID-19 Ag Nasopharyngeal and sputum - Pack 20 Antigen Tests","og_description":"Test de ant\u00edgeno GENEDIA W - C.D. Products S.A. - CDP.Detection COVID-19 antigens nasopharyngeal or saliva sample","og_url":"https:\/\/www.cdpsa.eu\/en\/product\/genedia-w-covid-19-ag-nasopharyngeal-and-sputum-pack-20-antigen-tests\/","og_site_name":"C.D. Products S.A. - CDP","article_publisher":"https:\/\/www.facebook.com\/CDPeu","article_modified_time":"2022-01-31T12:10:04+00:00","og_image":[{"width":720,"height":720,"url":"https:\/\/www.cdpsa.eu\/cont2\/wp-content\/uploads\/2020\/11\/Test-de-antigeno-GENEDIA-W-COVID-19-Ag-Pack-20_B-1.jpg","type":"image\/jpeg"}],"twitter_card":"summary_large_image","twitter_site":"@cdp_eu","twitter_misc":{"Est. reading time":"2 minutes"},"schema":{"@context":"https:\/\/schema.org","@graph":[{"@type":"WebPage","@id":"https:\/\/www.cdpsa.eu\/en\/product\/genedia-w-covid-19-ag-nasopharyngeal-and-sputum-pack-20-antigen-tests\/","url":"https:\/\/www.cdpsa.eu\/en\/product\/genedia-w-covid-19-ag-nasopharyngeal-and-sputum-pack-20-antigen-tests\/","name":"GENEDIA W COVID-19 Ag Nasopharyngeal and sputum - Pack 20 Antigen Tests","isPartOf":{"@id":"https:\/\/www.cdpsa.eu\/en\/#website"},"primaryImageOfPage":{"@id":"https:\/\/www.cdpsa.eu\/en\/product\/genedia-w-covid-19-ag-nasopharyngeal-and-sputum-pack-20-antigen-tests\/#primaryimage"},"image":{"@id":"https:\/\/www.cdpsa.eu\/en\/product\/genedia-w-covid-19-ag-nasopharyngeal-and-sputum-pack-20-antigen-tests\/#primaryimage"},"thumbnailUrl":"https:\/\/www.cdpsa.eu\/cont2\/wp-content\/uploads\/2020\/11\/Test-de-antigeno-GENEDIA-W-COVID-19-Ag-Pack-20_B-1.jpg","datePublished":"2020-11-30T14:41:06+00:00","dateModified":"2022-01-31T12:10:04+00:00","description":"Test de ant\u00edgeno GENEDIA W - C.D. Products S.A. - CDP.Detection COVID-19 antigens nasopharyngeal or saliva sample","breadcrumb":{"@id":"https:\/\/www.cdpsa.eu\/en\/product\/genedia-w-covid-19-ag-nasopharyngeal-and-sputum-pack-20-antigen-tests\/#breadcrumb"},"inLanguage":"en-US","potentialAction":[{"@type":"ReadAction","target":["https:\/\/www.cdpsa.eu\/en\/product\/genedia-w-covid-19-ag-nasopharyngeal-and-sputum-pack-20-antigen-tests\/"]}]},{"@type":"ImageObject","inLanguage":"en-US","@id":"https:\/\/www.cdpsa.eu\/en\/product\/genedia-w-covid-19-ag-nasopharyngeal-and-sputum-pack-20-antigen-tests\/#primaryimage","url":"https:\/\/www.cdpsa.eu\/cont2\/wp-content\/uploads\/2020\/11\/Test-de-antigeno-GENEDIA-W-COVID-19-Ag-Pack-20_B-1.jpg","contentUrl":"https:\/\/www.cdpsa.eu\/cont2\/wp-content\/uploads\/2020\/11\/Test-de-antigeno-GENEDIA-W-COVID-19-Ag-Pack-20_B-1.jpg","width":720,"height":720,"caption":"Test de ant\u00edgeno GENEDIA W COVID-19 Ag - Pack 20"},{"@type":"BreadcrumbList","@id":"https:\/\/www.cdpsa.eu\/en\/product\/genedia-w-covid-19-ag-nasopharyngeal-and-sputum-pack-20-antigen-tests\/#breadcrumb","itemListElement":[{"@type":"ListItem","position":1,"name":"Portada","item":"https:\/\/www.cdpsa.eu\/en\/"},{"@type":"ListItem","position":2,"name":"Shop","item":"https:\/\/www.cdpsa.eu\/en\/shop\/"},{"@type":"ListItem","position":3,"name":"GENEDIA W COVID-19 Ag Nasopharyngeal and sputum &#8211; Pack 20 Antigen Tests"}]},{"@type":"WebSite","@id":"https:\/\/www.cdpsa.eu\/en\/#website","url":"https:\/\/www.cdpsa.eu\/en\/","name":"C.D. Products S.A. - CDP","description":"We are leaders in the development of advanced electronic products and consumer software","publisher":{"@id":"https:\/\/www.cdpsa.eu\/en\/#organization"},"potentialAction":[{"@type":"SearchAction","target":{"@type":"EntryPoint","urlTemplate":"https:\/\/www.cdpsa.eu\/en\/?s={search_term_string}"},"query-input":{"@type":"PropertyValueSpecification","valueRequired":true,"valueName":"search_term_string"}}],"inLanguage":"en-US"},{"@type":"Organization","@id":"https:\/\/www.cdpsa.eu\/en\/#organization","name":"C.D.Products S.A.","url":"https:\/\/www.cdpsa.eu\/en\/","logo":{"@type":"ImageObject","inLanguage":"en-US","@id":"https:\/\/www.cdpsa.eu\/en\/#\/schema\/logo\/image\/","url":"https:\/\/www.cdpsa.eu\/cont2\/wp-content\/uploads\/2018\/05\/LOGO-CDP-OK.png","contentUrl":"https:\/\/www.cdpsa.eu\/cont2\/wp-content\/uploads\/2018\/05\/LOGO-CDP-OK.png","width":185,"height":47,"caption":"C.D.Products S.A."},"image":{"@id":"https:\/\/www.cdpsa.eu\/en\/#\/schema\/logo\/image\/"},"sameAs":["https:\/\/www.facebook.com\/CDPeu","https:\/\/x.com\/cdp_eu","https:\/\/www.youtube.com\/user\/cdpsaes\/videos"]}]}},"featured_img":"https:\/\/www.cdpsa.eu\/cont2\/wp-content\/uploads\/2020\/11\/Test-de-antigeno-GENEDIA-W-COVID-19-Ag-Pack-20_B-1.jpg","coauthors":[],"author_meta":{"author_link":"https:\/\/www.cdpsa.eu\/en\/author\/cdpsa\/","display_name":"cdpsa"},"relative_dates":{"created":"Posted 5 years ago","modified":"Updated 4 years ago"},"absolute_dates":{"created":"Posted on 30 November, 2020","modified":"Updated on 31 January, 2022"},"absolute_dates_time":{"created":"Posted on 30 November, 2020 15:16","modified":"Updated on 31 January, 2022 13:10"},"featured_img_caption":"","tax_additional":{"product_brand":{"linked":[],"unlinked":[],"slug":"product_brand","name":"Brands"},"product_type":{"linked":["<a href=\"https:\/\/www.cdpsa.eu\/en\/?taxonomy=product_type&#038;term=simple\" class=\"advgb-post-tax-term\">simple<\/a>"],"unlinked":["<span class=\"advgb-post-tax-term\">simple<\/span>"],"slug":"product_type","name":"Product type"},"product_visibility":{"linked":[],"unlinked":[],"slug":"product_visibility","name":"Product visibility"},"product_cat":{"linked":["<a href=\"https:\/\/www.cdpsa.eu\/en\/product-categories\/rapid-infectious-disease-test\/\" class=\"advgb-post-tax-term\">Rapid infectious disease test<\/a>"],"unlinked":["<span class=\"advgb-post-tax-term\">Rapid infectious disease test<\/span>"],"slug":"product_cat","name":"Product categories"},"product_tag":{"linked":[],"unlinked":[],"slug":"product_tag","name":"Product tags"},"product_shipping_class":{"linked":[],"unlinked":[],"slug":"product_shipping_class","name":"Product shipping classes"},"pos_product_visibility":{"linked":[],"unlinked":[],"slug":"pos_product_visibility","name":"POS Product visibility"},"pa_alto":{"linked":[],"unlinked":[],"slug":"pa_alto","name":"Product Alto"},"pa_ancho":{"linked":[],"unlinked":[],"slug":"pa_ancho","name":"Product Ancho"},"pa_cantidad":{"linked":[],"unlinked":[],"slug":"pa_cantidad","name":"Product Selecciona Cantidad"},"pa_capacidad":{"linked":[],"unlinked":[],"slug":"pa_capacidad","name":"Product Capacidad"},"pa_color":{"linked":[],"unlinked":[],"slug":"pa_color","name":"Product Color"},"pa_icu":{"linked":[],"unlinked":[],"slug":"pa_icu","name":"Product Procesador"},"pa_peso":{"linked":[],"unlinked":[],"slug":"pa_peso","name":"Product Peso"},"pa_profundo":{"linked":[],"unlinked":[],"slug":"pa_profundo","name":"Product Profundo"},"pa_tomaauriculares":{"linked":[],"unlinked":[],"slug":"pa_tomaauriculares","name":"Product Toma auriculares"},"translation_priority":{"linked":["<a href=\"https:\/\/www.cdpsa.eu\/en\/?taxonomy=translation_priority&#038;term=optional\" class=\"advgb-post-tax-term\">Optional<\/a>"],"unlinked":["<span class=\"advgb-post-tax-term\">Optional<\/span>"],"slug":"translation_priority","name":"Translation Priorities"}},"series_order":"","_links":{"self":[{"href":"https:\/\/www.cdpsa.eu\/en\/wp-json\/wp\/v2\/product\/485595","targetHints":{"allow":["GET"]}}],"collection":[{"href":"https:\/\/www.cdpsa.eu\/en\/wp-json\/wp\/v2\/product"}],"about":[{"href":"https:\/\/www.cdpsa.eu\/en\/wp-json\/wp\/v2\/types\/product"}],"wp:featuredmedia":[{"embeddable":true,"href":"https:\/\/www.cdpsa.eu\/en\/wp-json\/wp\/v2\/media\/485599"}],"wp:attachment":[{"href":"https:\/\/www.cdpsa.eu\/en\/wp-json\/wp\/v2\/media?parent=485595"}],"wp:term":[{"taxonomy":"product_brand","embeddable":true,"href":"https:\/\/www.cdpsa.eu\/en\/wp-json\/wp\/v2\/product_brand?post=485595"},{"taxonomy":"product_cat","embeddable":true,"href":"https:\/\/www.cdpsa.eu\/en\/wp-json\/wp\/v2\/product_cat?post=485595"},{"taxonomy":"product_tag","embeddable":true,"href":"https:\/\/www.cdpsa.eu\/en\/wp-json\/wp\/v2\/product_tag?post=485595"}],"curies":[{"name":"wp","href":"https:\/\/api.w.org\/{rel}","templated":true}]}}