{"id":33298,"date":"2013-05-19T13:22:49","date_gmt":"2013-05-19T13:22:49","guid":{"rendered":"https:\/\/www.cdpsa.eu\/cont2\/clients\/"},"modified":"2020-09-04T18:00:56","modified_gmt":"2020-09-04T16:00:56","slug":"clients","status":"publish","type":"page","link":"https:\/\/www.cdpsa.eu\/en\/clients\/","title":{"rendered":"Clients"},"content":{"rendered":"<p>We are the specialists in products for convenience stores.<\/p>\n<p class=\"txt_texto1\"><img decoding=\"async\" class=\" size-full wp-image-33297\" title=\"foto clientes\" src=\"https:\/\/www.cdpsa.eu\/cont2\/wp-content\/uploads\/2013\/05\/foto-clientes-foto-clientes.jpg\" alt=\"foto clientes\" width=\"535\" \/><\/p>\n<p class=\"txt_texto1\">The dedication and personal effort of the members in our organization, their careful and continuous demand for quality and service, and their rigorous attention to detail in the development of our products&#8217; image has rendered us the opportunity to work with top-level national and international customers, including:\u00a0<span class=\"txt_texto1naranja\"><strong>EL CORTE INGL\u00c9S, HIPERCOR, REPSOL, CEPSA, BARCLAYS BANK, CAJA DE AHORROS DE LA INMACULADA, REAL AUTOM\u00d3VIL CLUB DE CATALU\u00d1A, NORAUTO, CONWAY ESPA\u00d1A, ZURICH ESPA\u00d1A, CAJA DUERO, LOGISTA , CARREFOUR, RENAULT, FIAT,<\/strong><\/span>\u00a0etc. In addition, our products not only target the mass market through these customers, we also offer customization to use in promotional campaigns or as tools to enhance customer loyalty. Personalized campaigns were carried out by companies like\u00a0<strong>EL CORTE INGL\u00c9S VIAJES, LA MUTUA TINERFE\u00d1A, EL CASINO GRAN MADRID, AUMAR (Autopistas del Mediterr\u00e1neo), LA CAIXA, BANCO SABADELL, DUPONT INDUSTRIES, AUTOCLUB REPSOL, COLOR Y PINTURA, PORTEL, ELECTROMUR<\/strong><strong>, etc.\u00a0<\/strong><\/p>\n<p class=\"txt_texto1\"><strong>EXPORTS:<\/strong><\/p>\n<p class=\"txt_texto1\">The success of our products in Spain has fostered the interest of foreign companies in the US and Europe (France, Austria, Germany, Holland, England, Irland, Portugal, Greece, Check Republic, etc) and other countries in Latin America (Argentina, M\u00e9xico, Chile, Per\u00fa, Colombia, Costa Rica, Rep\u00fablica Dominicana, etc.), portraying a major role in the Company&#8217;s expansion and its solid consolidation in unexplored markets.<\/p>\n","protected":false},"excerpt":{"rendered":"<p>We are the specialists in products for convenience stores. The dedication and personal effort of the members in our organization, their careful and continuous demand for quality and service, and their rigorous attention to detail in the development of our products&#8217; image has rendered us the opportunity to work with top-level national and international customers, [&hellip;]<\/p>\n","protected":false},"author":1,"featured_media":0,"parent":0,"menu_order":6,"comment_status":"closed","ping_status":"closed","template":"","meta":{"_acf_changed":false,"advgb_blocks_editor_width":"","advgb_blocks_columns_visual_guide":"","footnotes":""},"class_list":["post-33298","page","type-page","status-publish","hentry"],"acf":[],"yoast_head":"<!-- This site is optimized with the Yoast SEO plugin v27.5 - https:\/\/yoast.com\/product\/yoast-seo-wordpress\/ -->\n<title>CDP Clients<\/title>\n<meta name=\"description\" content=\"CDP Clients\" \/>\n<meta name=\"robots\" content=\"index, follow, max-snippet:-1, max-image-preview:large, max-video-preview:-1\" \/>\n<link rel=\"canonical\" href=\"https:\/\/www.cdpsa.eu\/en\/clients\/\" \/>\n<meta property=\"og:locale\" content=\"en_US\" \/>\n<meta property=\"og:type\" content=\"article\" \/>\n<meta property=\"og:title\" content=\"CDP Clients\" \/>\n<meta property=\"og:description\" content=\"CDP Clients\" \/>\n<meta property=\"og:url\" content=\"https:\/\/www.cdpsa.eu\/en\/clients\/\" \/>\n<meta property=\"og:site_name\" content=\"C.D. Products S.A. - CDP\" \/>\n<meta property=\"article:publisher\" content=\"https:\/\/www.facebook.com\/CDPeu\" \/>\n<meta property=\"article:modified_time\" content=\"2020-09-04T16:00:56+00:00\" \/>\n<meta property=\"og:image\" content=\"https:\/\/www.cdpsa.eu\/cont2\/wp-content\/uploads\/2013\/05\/foto-clientes-foto-clientes.jpg\" \/>\n<meta name=\"twitter:card\" content=\"summary_large_image\" \/>\n<meta name=\"twitter:site\" content=\"@cdp_eu\" \/>\n<meta name=\"twitter:label1\" content=\"Est. reading time\" \/>\n\t<meta name=\"twitter:data1\" content=\"1 minute\" \/>\n<script type=\"application\/ld+json\" class=\"yoast-schema-graph\">{\"@context\":\"https:\\\/\\\/schema.org\",\"@graph\":[{\"@type\":\"WebPage\",\"@id\":\"https:\\\/\\\/www.cdpsa.eu\\\/en\\\/clients\\\/\",\"url\":\"https:\\\/\\\/www.cdpsa.eu\\\/en\\\/clients\\\/\",\"name\":\"CDP Clients\",\"isPartOf\":{\"@id\":\"https:\\\/\\\/www.cdpsa.eu\\\/en\\\/#website\"},\"primaryImageOfPage\":{\"@id\":\"https:\\\/\\\/www.cdpsa.eu\\\/en\\\/clients\\\/#primaryimage\"},\"image\":{\"@id\":\"https:\\\/\\\/www.cdpsa.eu\\\/en\\\/clients\\\/#primaryimage\"},\"thumbnailUrl\":\"https:\\\/\\\/www.cdpsa.eu\\\/cont2\\\/wp-content\\\/uploads\\\/2013\\\/05\\\/foto-clientes-foto-clientes.jpg\",\"datePublished\":\"2013-05-19T13:22:49+00:00\",\"dateModified\":\"2020-09-04T16:00:56+00:00\",\"description\":\"CDP Clients\",\"breadcrumb\":{\"@id\":\"https:\\\/\\\/www.cdpsa.eu\\\/en\\\/clients\\\/#breadcrumb\"},\"inLanguage\":\"en-US\",\"potentialAction\":[{\"@type\":\"ReadAction\",\"target\":[\"https:\\\/\\\/www.cdpsa.eu\\\/en\\\/clients\\\/\"]}]},{\"@type\":\"ImageObject\",\"inLanguage\":\"en-US\",\"@id\":\"https:\\\/\\\/www.cdpsa.eu\\\/en\\\/clients\\\/#primaryimage\",\"url\":\"https:\\\/\\\/www.cdpsa.eu\\\/cont2\\\/wp-content\\\/uploads\\\/2013\\\/05\\\/foto-clientes-foto-clientes.jpg\",\"contentUrl\":\"https:\\\/\\\/www.cdpsa.eu\\\/cont2\\\/wp-content\\\/uploads\\\/2013\\\/05\\\/foto-clientes-foto-clientes.jpg\"},{\"@type\":\"BreadcrumbList\",\"@id\":\"https:\\\/\\\/www.cdpsa.eu\\\/en\\\/clients\\\/#breadcrumb\",\"itemListElement\":[{\"@type\":\"ListItem\",\"position\":1,\"name\":\"Portada\",\"item\":\"https:\\\/\\\/www.cdpsa.eu\\\/en\\\/\"},{\"@type\":\"ListItem\",\"position\":2,\"name\":\"Clients\"}]},{\"@type\":\"WebSite\",\"@id\":\"https:\\\/\\\/www.cdpsa.eu\\\/en\\\/#website\",\"url\":\"https:\\\/\\\/www.cdpsa.eu\\\/en\\\/\",\"name\":\"C.D. Products S.A. - CDP\",\"description\":\"We are leaders in the development of advanced electronic products and consumer software\",\"publisher\":{\"@id\":\"https:\\\/\\\/www.cdpsa.eu\\\/en\\\/#organization\"},\"potentialAction\":[{\"@type\":\"SearchAction\",\"target\":{\"@type\":\"EntryPoint\",\"urlTemplate\":\"https:\\\/\\\/www.cdpsa.eu\\\/en\\\/?s={search_term_string}\"},\"query-input\":{\"@type\":\"PropertyValueSpecification\",\"valueRequired\":true,\"valueName\":\"search_term_string\"}}],\"inLanguage\":\"en-US\"},{\"@type\":\"Organization\",\"@id\":\"https:\\\/\\\/www.cdpsa.eu\\\/en\\\/#organization\",\"name\":\"C.D.Products S.A.\",\"url\":\"https:\\\/\\\/www.cdpsa.eu\\\/en\\\/\",\"logo\":{\"@type\":\"ImageObject\",\"inLanguage\":\"en-US\",\"@id\":\"https:\\\/\\\/www.cdpsa.eu\\\/en\\\/#\\\/schema\\\/logo\\\/image\\\/\",\"url\":\"https:\\\/\\\/www.cdpsa.eu\\\/cont2\\\/wp-content\\\/uploads\\\/2018\\\/05\\\/LOGO-CDP-OK.png\",\"contentUrl\":\"https:\\\/\\\/www.cdpsa.eu\\\/cont2\\\/wp-content\\\/uploads\\\/2018\\\/05\\\/LOGO-CDP-OK.png\",\"width\":185,\"height\":47,\"caption\":\"C.D.Products S.A.\"},\"image\":{\"@id\":\"https:\\\/\\\/www.cdpsa.eu\\\/en\\\/#\\\/schema\\\/logo\\\/image\\\/\"},\"sameAs\":[\"https:\\\/\\\/www.facebook.com\\\/CDPeu\",\"https:\\\/\\\/x.com\\\/cdp_eu\",\"https:\\\/\\\/www.youtube.com\\\/user\\\/cdpsaes\\\/videos\"]}]}<\/script>\n<!-- \/ Yoast SEO plugin. -->","yoast_head_json":{"title":"CDP Clients","description":"CDP Clients","robots":{"index":"index","follow":"follow","max-snippet":"max-snippet:-1","max-image-preview":"max-image-preview:large","max-video-preview":"max-video-preview:-1"},"canonical":"https:\/\/www.cdpsa.eu\/en\/clients\/","og_locale":"en_US","og_type":"article","og_title":"CDP Clients","og_description":"CDP Clients","og_url":"https:\/\/www.cdpsa.eu\/en\/clients\/","og_site_name":"C.D. Products S.A. - CDP","article_publisher":"https:\/\/www.facebook.com\/CDPeu","article_modified_time":"2020-09-04T16:00:56+00:00","og_image":[{"url":"https:\/\/www.cdpsa.eu\/cont2\/wp-content\/uploads\/2013\/05\/foto-clientes-foto-clientes.jpg","type":"","width":"","height":""}],"twitter_card":"summary_large_image","twitter_site":"@cdp_eu","twitter_misc":{"Est. reading time":"1 minute"},"schema":{"@context":"https:\/\/schema.org","@graph":[{"@type":"WebPage","@id":"https:\/\/www.cdpsa.eu\/en\/clients\/","url":"https:\/\/www.cdpsa.eu\/en\/clients\/","name":"CDP Clients","isPartOf":{"@id":"https:\/\/www.cdpsa.eu\/en\/#website"},"primaryImageOfPage":{"@id":"https:\/\/www.cdpsa.eu\/en\/clients\/#primaryimage"},"image":{"@id":"https:\/\/www.cdpsa.eu\/en\/clients\/#primaryimage"},"thumbnailUrl":"https:\/\/www.cdpsa.eu\/cont2\/wp-content\/uploads\/2013\/05\/foto-clientes-foto-clientes.jpg","datePublished":"2013-05-19T13:22:49+00:00","dateModified":"2020-09-04T16:00:56+00:00","description":"CDP Clients","breadcrumb":{"@id":"https:\/\/www.cdpsa.eu\/en\/clients\/#breadcrumb"},"inLanguage":"en-US","potentialAction":[{"@type":"ReadAction","target":["https:\/\/www.cdpsa.eu\/en\/clients\/"]}]},{"@type":"ImageObject","inLanguage":"en-US","@id":"https:\/\/www.cdpsa.eu\/en\/clients\/#primaryimage","url":"https:\/\/www.cdpsa.eu\/cont2\/wp-content\/uploads\/2013\/05\/foto-clientes-foto-clientes.jpg","contentUrl":"https:\/\/www.cdpsa.eu\/cont2\/wp-content\/uploads\/2013\/05\/foto-clientes-foto-clientes.jpg"},{"@type":"BreadcrumbList","@id":"https:\/\/www.cdpsa.eu\/en\/clients\/#breadcrumb","itemListElement":[{"@type":"ListItem","position":1,"name":"Portada","item":"https:\/\/www.cdpsa.eu\/en\/"},{"@type":"ListItem","position":2,"name":"Clients"}]},{"@type":"WebSite","@id":"https:\/\/www.cdpsa.eu\/en\/#website","url":"https:\/\/www.cdpsa.eu\/en\/","name":"C.D. Products S.A. - CDP","description":"We are leaders in the development of advanced electronic products and consumer software","publisher":{"@id":"https:\/\/www.cdpsa.eu\/en\/#organization"},"potentialAction":[{"@type":"SearchAction","target":{"@type":"EntryPoint","urlTemplate":"https:\/\/www.cdpsa.eu\/en\/?s={search_term_string}"},"query-input":{"@type":"PropertyValueSpecification","valueRequired":true,"valueName":"search_term_string"}}],"inLanguage":"en-US"},{"@type":"Organization","@id":"https:\/\/www.cdpsa.eu\/en\/#organization","name":"C.D.Products S.A.","url":"https:\/\/www.cdpsa.eu\/en\/","logo":{"@type":"ImageObject","inLanguage":"en-US","@id":"https:\/\/www.cdpsa.eu\/en\/#\/schema\/logo\/image\/","url":"https:\/\/www.cdpsa.eu\/cont2\/wp-content\/uploads\/2018\/05\/LOGO-CDP-OK.png","contentUrl":"https:\/\/www.cdpsa.eu\/cont2\/wp-content\/uploads\/2018\/05\/LOGO-CDP-OK.png","width":185,"height":47,"caption":"C.D.Products S.A."},"image":{"@id":"https:\/\/www.cdpsa.eu\/en\/#\/schema\/logo\/image\/"},"sameAs":["https:\/\/www.facebook.com\/CDPeu","https:\/\/x.com\/cdp_eu","https:\/\/www.youtube.com\/user\/cdpsaes\/videos"]}]}},"coauthors":[],"author_meta":{"author_link":"https:\/\/www.cdpsa.eu\/en\/author\/cdpsa\/","display_name":"cdpsa"},"relative_dates":{"created":"Posted 13 years ago","modified":"Updated 6 years ago"},"absolute_dates":{"created":"Posted on 19 May, 2013","modified":"Updated on 4 September, 2020"},"absolute_dates_time":{"created":"Posted on 19 May, 2013 13:22","modified":"Updated on 4 September, 2020 18:00"},"featured_img_caption":"","featured_img":false,"series_order":"","_links":{"self":[{"href":"https:\/\/www.cdpsa.eu\/en\/wp-json\/wp\/v2\/pages\/33298","targetHints":{"allow":["GET"]}}],"collection":[{"href":"https:\/\/www.cdpsa.eu\/en\/wp-json\/wp\/v2\/pages"}],"about":[{"href":"https:\/\/www.cdpsa.eu\/en\/wp-json\/wp\/v2\/types\/page"}],"author":[{"embeddable":true,"href":"https:\/\/www.cdpsa.eu\/en\/wp-json\/wp\/v2\/users\/1"}],"replies":[{"embeddable":true,"href":"https:\/\/www.cdpsa.eu\/en\/wp-json\/wp\/v2\/comments?post=33298"}],"version-history":[{"count":0,"href":"https:\/\/www.cdpsa.eu\/en\/wp-json\/wp\/v2\/pages\/33298\/revisions"}],"wp:attachment":[{"href":"https:\/\/www.cdpsa.eu\/en\/wp-json\/wp\/v2\/media?parent=33298"}],"curies":[{"name":"wp","href":"https:\/\/api.w.org\/{rel}","templated":true}]}}